{"id":5475,"date":"2024-01-02T21:14:26","date_gmt":"2024-01-02T19:14:26","guid":{"rendered":"https:\/\/melodypartybox.de\/myzeil\/?page_id=5475"},"modified":"2025-03-28T20:12:26","modified_gmt":"2025-03-28T19:12:26","slug":"raumpreise","status":"publish","type":"page","link":"https:\/\/melodypartybox.de\/wiesbaden\/raumpreise\/","title":{"rendered":"Raumpreise"},"content":{"rendered":"<p><div class=\"fusion-fullwidth fullwidth-box fusion-builder-row-1 fusion-flex-container nonhundred-percent-fullwidth non-hundred-percent-height-scrolling\" style=\"--awb-border-radius-top-left:0px;--awb-border-radius-top-right:0px;--awb-border-radius-bottom-right:0px;--awb-border-radius-bottom-left:0px;--awb-flex-wrap:wrap;\" ><div class=\"fusion-builder-row fusion-row fusion-flex-align-items-flex-start fusion-flex-content-wrap\" style=\"max-width:1378px;margin-left: calc(-4% \/ 2 );margin-right: calc(-4% \/ 2 );\"><div class=\"fusion-layout-column fusion_builder_column fusion-builder-column-0 fusion_builder_column_1_1 1_1 fusion-flex-column\" style=\"--awb-bg-size:cover;--awb-width-large:100%;--awb-margin-top-large:0px;--awb-spacing-right-large:1.92%;--awb-margin-bottom-large:20px;--awb-spacing-left-large:1.92%;--awb-width-medium:100%;--awb-order-medium:0;--awb-spacing-right-medium:1.92%;--awb-spacing-left-medium:1.92%;--awb-width-small:100%;--awb-order-small:0;--awb-spacing-right-small:1.92%;--awb-spacing-left-small:1.92%;\"><div class=\"fusion-column-wrapper fusion-column-has-shadow fusion-flex-justify-content-flex-start fusion-content-layout-column\"><div class=\"fusion-title title fusion-title-1 fusion-title-center fusion-title-text fusion-title-size-one\"><div class=\"title-sep-container title-sep-container-left\"><div class=\"title-sep sep-double sep-solid\" style=\"border-color:hsla(var(--awb-color2-h),var(--awb-color2-s),var(--awb-color2-l),calc( var(--awb-color2-a) - 25% ));\"><\/div><\/div><span class=\"awb-title-spacer\"><\/span><h1 class=\"fusion-title-heading title-heading-center fusion-responsive-typography-calculated\" style=\"margin:0;--fontSize:58;line-height:var(--awb-typography1-line-height);\">Unsere R\u00e4ume<\/h1><span class=\"awb-title-spacer\"><\/span><div class=\"title-sep-container title-sep-container-right\"><div class=\"title-sep sep-double sep-solid\" style=\"border-color:hsla(var(--awb-color2-h),var(--awb-color2-s),var(--awb-color2-l),calc( var(--awb-color2-a) - 25% ));\"><\/div><\/div><\/div><style type='text\/css'>\n\t\t\t\t.pricing-table-1.fusion-pricing-table .panel-container, .pricing-table-1.fusion-pricing-table .standout .panel-container,\n\t\t\t\t.pricing-table-1.full-boxed-pricing.fusion-pricing-table {background-color:var(--awb-color2);}\n\t\t\t\t.pricing-table-1.fusion-pricing-table .list-group .list-group-item,\n\t\t\t\t.pricing-table-1.fusion-pricing-table .list-group .list-group-item:last-child{background-color:var(--awb-color1); border-color:#e5e5e5;}\n\t\t\t\t.pricing-table-1.full-boxed-pricing.fusion-pricing-table .panel-wrapper:hover .panel-heading,\n\t\t\t\t.pricing-table-1.fusion-pricing-table .panel-wrapper:hover .list-group-item {background-color:var(--awb-color2);}\n\t\t\t\t.pricing-table-1.full-boxed-pricing.fusion-pricing-table .panel-heading{background-color:var(--awb-color1);}\n\t\t\t\t.pricing-table-1.fusion-pricing-table .fusion-panel, .pricing-table-1 .panel-wrapper:last-child .fusion-panel,\n\t\t\t\t.pricing-table-1.fusion-pricing-table .standout .fusion-panel, .pricing-table-1.fusion-pricing-table  .panel-heading,\n\t\t\t\t.pricing-table-1.fusion-pricing-table .panel-body, .pricing-table-1.fusion-pricing-table .panel-footer{border-color:#e5e5e5;}\n\t\t\t\t.pricing-table-1.fusion-pricing-table .panel-body, .pricing-table-1.fusion-pricing-table .panel-footer{background-color:var(--awb-color2);}\n\t\t\t\t.pricing-table-1.sep-boxed-pricing.fusion-pricing-table .panel-heading h3{color:var(--awb-color8);}\n\t\t\t\t.pricing-table-1.full-boxed-pricing.fusion-pricing-table .panel-heading h3{color:var(--awb-color8);}\n\t\t\t\t.pricing-table-1.fusion-pricing-table .panel-body .price .decimal-part{color:#4154ff;}\n\t\t\t\t.pricing-table-1.fusion-pricing-table .panel-body .price .integer-part{color:#4154ff;}\n\t\t\t\t.pricing-table-1.fusion-pricing-table ul.list-group li{color:hsla(var(--awb-color6-h),var(--awb-color6-s),calc(var(--awb-color6-l) - 10%),var(--awb-color6-a));}\n\t\t\t\t<\/style><div class=\"fusion-pricing-table pricing-table-1 full-boxed-pricing row fusion-columns-4 columns-4 fusion-clearfix\"><div class=\"panel-wrapper fusion-column column col-lg-3 col-md-3 col-sm-3 fusion-pricingtable-column\"><div class=\"panel-container\"><div class=\"fusion-panel\"><div class=\"panel-heading\"><h3 class=\"title-row\">S<\/h3><\/div><div class=\"panel-body pricing-row\"><div class=\"price \"><span class=\"integer-part\">22 - 43 <\/span><span class=\"currency pos-right price-without-decimal\">\u20ac<\/span><\/div><\/div><ul class=\"list-group\"><li class=\"list-group-item normal-row\">Preis pro Raum pro Stunde * \u00b9 \u00b2<\/li><li class=\"list-group-item normal-row\">bis zu 6 Personen<\/li><li class=\"list-group-item normal-row\">Standard Lautsprecher Set<\/li><li class=\"list-group-item normal-row\">2 Mikrofone<\/li><li class=\"list-group-item normal-row\">Standard Lichtpaket<\/li><\/ul><div class=\"panel-footer footer-row\"><div class=\"fusion-button-wrapper\"><a class=\"fusion-button button-flat fusion-button-default-size button-default fusion-button-default button-1 fusion-button-default-span fusion-button-default-type\" target=\"_self\" href=\"#35fc87bb839170080\"><i class=\"fa-search-dollar fas awb-button__icon awb-button__icon--default button-icon-left\" aria-hidden=\"true\"><\/i><span class=\"fusion-button-text awb-button__text awb-button__text--default\">Preisinfo<\/span><\/a><\/div><\/div><\/div><\/div><\/div><div class=\"panel-wrapper fusion-column column col-lg-3 col-md-3 col-sm-3 fusion-pricingtable-column\"><div class=\"panel-container\"><div class=\"fusion-panel\"><div class=\"panel-heading\"><h3 class=\"title-row\">M<\/h3><\/div><div class=\"panel-body pricing-row\"><div class=\"price \"><span class=\"integer-part\">27 - 52 <\/span><span class=\"currency pos-right price-without-decimal\"> \u20ac<\/span><\/div><\/div><ul class=\"list-group\"><li class=\"list-group-item normal-row\">Preis pro Raum pro Stunde * \u00b9 \u00b2<\/li><li class=\"list-group-item normal-row\">bis zu 8 Personen<\/li><li class=\"list-group-item normal-row\">Standard Lautsprecher Set<\/li><li class=\"list-group-item normal-row\">3 Mikrofone<\/li><li class=\"list-group-item normal-row\">Standard Lichtpaket<\/li><\/ul><div class=\"panel-footer footer-row\"><div class=\"fusion-button-wrapper\"><a class=\"fusion-button button-flat fusion-button-default-size button-default fusion-button-default button-2 fusion-button-default-span fusion-button-default-type\" target=\"_self\" href=\"#35fc87bb839170080\"><i class=\"fa-search-dollar fas awb-button__icon awb-button__icon--default button-icon-left\" aria-hidden=\"true\"><\/i><span class=\"fusion-button-text awb-button__text awb-button__text--default\">Preisinfo<\/span><\/a><\/div><\/div><\/div><\/div><\/div><div class=\"panel-wrapper fusion-column column col-lg-3 col-md-3 col-sm-3 fusion-pricingtable-column\"><div class=\"panel-container\"><div class=\"fusion-panel\"><div class=\"panel-heading\"><h3 class=\"title-row\">L<\/h3><\/div><div class=\"panel-body pricing-row\"><div class=\"price \"><span class=\"integer-part\">35 - 63 <\/span><span class=\"currency pos-right price-without-decimal\">\u20ac<\/span><\/div><\/div><ul class=\"list-group\"><li class=\"list-group-item normal-row\">Preis pro Raum pro Stunde * \u00b9 \u00b2<\/li><li class=\"list-group-item normal-row\">bis zu 10 Personen<\/li><li class=\"list-group-item normal-row\">Premium Lautsprecher Set<\/li><li class=\"list-group-item normal-row\">5 Mikrofone<\/li><li class=\"list-group-item normal-row\">Standard + Laser<\/li><\/ul><div class=\"panel-footer footer-row\"><div class=\"fusion-button-wrapper\"><a class=\"fusion-button button-flat fusion-button-default-size button-default fusion-button-default button-3 fusion-button-default-span fusion-button-default-type\" target=\"_self\" href=\"#35fc87bb839170080\"><i class=\"fa-search-dollar fas awb-button__icon awb-button__icon--default button-icon-left\" aria-hidden=\"true\"><\/i><span class=\"fusion-button-text awb-button__text awb-button__text--default\">Preisinfo<\/span><\/a><\/div><\/div><\/div><\/div><\/div><div class=\"panel-wrapper fusion-column column col-lg-3 col-md-3 col-sm-3 fusion-pricingtable-column\"><div class=\"panel-container\"><div class=\"fusion-panel\"><div class=\"panel-heading\"><h3 class=\"title-row\">XL<\/h3><\/div><div class=\"panel-body pricing-row\"><div class=\"price \"><span class=\"integer-part\">45 - 75 <\/span><span class=\"currency pos-right price-without-decimal\">\u20ac<\/span><\/div><\/div><ul class=\"list-group\"><li class=\"list-group-item normal-row\">Preis pro Raum pro Stunde * \u00b9 \u00b2<\/li><li class=\"list-group-item normal-row\">bis zu 14 Personen<\/li><li class=\"list-group-item normal-row\">Profi Lautsprecher Set<\/li><li class=\"list-group-item normal-row\">6 Mikrofone<\/li><li class=\"list-group-item normal-row\">Standard + Laser + Disco Kugel<\/li><\/ul><div class=\"panel-footer footer-row\"><div class=\"fusion-button-wrapper\"><a class=\"fusion-button button-flat fusion-button-default-size button-default fusion-button-default button-4 fusion-button-default-span fusion-button-default-type\" target=\"_self\" href=\"#35fc87bb839170080\"><i class=\"fa-search-dollar fas awb-button__icon awb-button__icon--default button-icon-left\" aria-hidden=\"true\"><\/i><span class=\"fusion-button-text awb-button__text awb-button__text--default\">Preisinfo<\/span><\/a><\/div><\/div><\/div><\/div><\/div><\/div><i class=\"fb-icon-element-1 fb-icon-element fontawesome-icon fa-arrow-down fas circle-no fusion-text-flow icon-hover-animation-pulsate\" style=\"--awb-font-size:32px;--awb-margin-right:16px;\"><\/i><\/div><\/div><\/div><\/div><div class=\"fusion-fullwidth fullwidth-box fusion-builder-row-2 fusion-flex-container nonhundred-percent-fullwidth non-hundred-percent-height-scrolling\" style=\"--awb-border-radius-top-left:0px;--awb-border-radius-top-right:0px;--awb-border-radius-bottom-right:0px;--awb-border-radius-bottom-left:0px;--awb-flex-wrap:wrap;\" ><div class=\"fusion-builder-row fusion-row fusion-flex-align-items-flex-start fusion-flex-content-wrap\" style=\"max-width:1378px;margin-left: calc(-4% \/ 2 );margin-right: calc(-4% \/ 2 );\"><div class=\"fusion-layout-column fusion_builder_column fusion-builder-column-1 fusion_builder_column_1_1 1_1 fusion-flex-column\" style=\"--awb-bg-size:cover;--awb-width-large:100%;--awb-margin-top-large:0px;--awb-spacing-right-large:1.92%;--awb-margin-bottom-large:20px;--awb-spacing-left-large:1.92%;--awb-width-medium:100%;--awb-order-medium:0;--awb-spacing-right-medium:1.92%;--awb-spacing-left-medium:1.92%;--awb-width-small:100%;--awb-order-small:0;--awb-spacing-right-small:1.92%;--awb-spacing-left-small:1.92%;\"><div class=\"fusion-column-wrapper fusion-column-has-shadow fusion-flex-justify-content-flex-start fusion-content-layout-column\"><div class=\"accordian fusion-accordian\" style=\"--awb-border-size:1px;--awb-icon-size:20px;--awb-content-font-size:var(--awb-typography4-font-size);--awb-icon-alignment:left;--awb-hover-color:var(--awb-color2);--awb-border-color:var(--awb-color3);--awb-background-color:var(--awb-color1);--awb-divider-color:hsla(var(--awb-color2-h),var(--awb-color2-s),var(--awb-color2-l),calc( var(--awb-color2-a) - 25% ));--awb-divider-hover-color:hsla(var(--awb-color2-h),var(--awb-color2-s),var(--awb-color2-l),calc( var(--awb-color2-a) - 25% ));--awb-icon-color:var(--awb-color1);--awb-title-color:#060607;--awb-content-color:#524a59;--awb-icon-box-color:var(--awb-color8);--awb-toggle-hover-accent-color:#4154ff;--awb-title-font-family:var(--awb-typography1-font-family);--awb-title-font-weight:var(--awb-typography1-font-weight);--awb-title-font-style:var(--awb-typography1-font-style);--awb-title-font-size:20px;--awb-content-font-family:var(--awb-typography4-font-family);--awb-content-font-weight:var(--awb-typography4-font-weight);--awb-content-font-style:var(--awb-typography4-font-style);\"><div class=\"panel-group fusion-toggle-icon-boxed\" id=\"accordion-5475-1\"><div class=\"fusion-panel panel-default panel-35fc87bb839170080 fusion-toggle-has-divider\" style=\"--awb-title-color:#060607;--awb-content-color:#524a59;\"><div class=\"panel-heading\"><h4 class=\"panel-title toggle\" id=\"toggle_35fc87bb839170080\"><a class=\"active\" aria-expanded=\"true\" aria-controls=\"35fc87bb839170080\" role=\"button\" data-toggle=\"collapse\" data-target=\"#35fc87bb839170080\" href=\"#35fc87bb839170080\"><span class=\"fusion-toggle-icon-wrapper\" aria-hidden=\"true\"><i class=\"fa-fusion-box active-icon fa-arrow-down fas\" aria-hidden=\"true\"><\/i><i class=\"fa-fusion-box inactive-icon fa-arrow-up fas\" aria-hidden=\"true\"><\/i><\/span><span class=\"fusion-toggle-heading\">Mittwochs \/ Donnerstags - Preise pro Raum pro Stunde * \u00b9 \u00b2<\/span><\/a><\/h4><\/div><div id=\"35fc87bb839170080\" class=\"panel-collapse collapse in\" aria-labelledby=\"toggle_35fc87bb839170080\"><div class=\"panel-body toggle-content fusion-clearfix\">\n<div class=\"table-1\">\n<table width=\"44%\">\n<thead>\n<tr>\n<th align=\"center\"><\/th>\n<th align=\"center\">S<\/th>\n<th align=\"center\">M<\/th>\n<th align=\"center\">L<\/th>\n<th align=\"center\">XL<\/th>\n<\/tr>\n<\/thead>\n<tbody>\n<tr>\n<td align=\"center\">17:00 &#8211; 19:00<\/td>\n<td align=\"center\">22\u20ac<\/td>\n<td align=\"center\">27\u20ac<\/td>\n<td align=\"center\">35\u20ac<\/td>\n<td align=\"center\">45\u20ac<\/td>\n<\/tr>\n<tr>\n<td align=\"center\">19:00 &#8211; 01:00<\/td>\n<td align=\"center\">32\u20ac<\/td>\n<td align=\"center\">37\u20ac<\/td>\n<td align=\"center\">45\u20ac<\/td>\n<td align=\"center\">60\u20ac<\/td>\n<\/tr>\n<\/tbody>\n<\/table>\n<\/div>\n<\/div><\/div><\/div><div class=\"fusion-panel panel-default panel-53323402294b21684 fusion-toggle-has-divider\" style=\"--awb-title-color:#060607;--awb-content-color:#524a59;\"><div class=\"panel-heading\"><h4 class=\"panel-title toggle\" id=\"toggle_53323402294b21684\"><a class=\"active\" aria-expanded=\"true\" aria-controls=\"53323402294b21684\" role=\"button\" data-toggle=\"collapse\" data-target=\"#53323402294b21684\" href=\"#53323402294b21684\"><span class=\"fusion-toggle-icon-wrapper\" aria-hidden=\"true\"><i class=\"fa-fusion-box active-icon fa-arrow-down fas\" aria-hidden=\"true\"><\/i><i class=\"fa-fusion-box inactive-icon fa-arrow-up fas\" aria-hidden=\"true\"><\/i><\/span><span class=\"fusion-toggle-heading\">Freitags \/ Sonntags - Preis pro Raum pro Stunde * \u00b9 \u00b2<\/span><\/a><\/h4><\/div><div id=\"53323402294b21684\" class=\"panel-collapse collapse in\" aria-labelledby=\"toggle_53323402294b21684\"><div class=\"panel-body toggle-content fusion-clearfix\">\n<div class=\"table-1\">\n<table width=\"44%\">\n<thead>\n<tr>\n<th align=\"center\"><\/th>\n<th align=\"center\">S<\/th>\n<th align=\"center\">M<\/th>\n<th align=\"center\">L<\/th>\n<th align=\"center\">XL<\/th>\n<\/tr>\n<\/thead>\n<tbody>\n<tr>\n<td align=\"center\">14:00 &#8211; 19:00<\/td>\n<td align=\"center\">27\u20ac<\/td>\n<td align=\"center\">32\u20ac<\/td>\n<td align=\"center\">43\u20ac<\/td>\n<td align=\"center\">60\u20ac<\/td>\n<\/tr>\n<tr>\n<td align=\"center\">19:00 &#8211; 04:00<\/td>\n<td align=\"center\">37\u20ac<\/td>\n<td align=\"center\">42\u20ac<\/td>\n<td align=\"center\">53\u20ac<\/td>\n<td align=\"center\">70\u20ac<\/td>\n<\/tr>\n<\/tbody>\n<\/table>\n<\/div>\n<\/div><\/div><\/div><div class=\"fusion-panel panel-default panel-d1a8749ae9bd54f96 fusion-toggle-has-divider\" style=\"--awb-title-color:#060607;--awb-content-color:#524a59;\"><div class=\"panel-heading\"><h4 class=\"panel-title toggle\" id=\"toggle_d1a8749ae9bd54f96\"><a class=\"active\" aria-expanded=\"true\" aria-controls=\"d1a8749ae9bd54f96\" role=\"button\" data-toggle=\"collapse\" data-target=\"#d1a8749ae9bd54f96\" href=\"#d1a8749ae9bd54f96\"><span class=\"fusion-toggle-icon-wrapper\" aria-hidden=\"true\"><i class=\"fa-fusion-box active-icon fa-arrow-down fas\" aria-hidden=\"true\"><\/i><i class=\"fa-fusion-box inactive-icon fa-arrow-up fas\" aria-hidden=\"true\"><\/i><\/span><span class=\"fusion-toggle-heading\">Samstags \/ Feiertage und Vorfeiertage - Preise pro Raum pro Stunde * \u00b9 \u00b2<\/span><\/a><\/h4><\/div><div id=\"d1a8749ae9bd54f96\" class=\"panel-collapse collapse in\" aria-labelledby=\"toggle_d1a8749ae9bd54f96\"><div class=\"panel-body toggle-content fusion-clearfix\">\n<div class=\"table-1\">\n<table width=\"44%\">\n<thead>\n<tr>\n<th align=\"center\"><\/th>\n<th align=\"center\">S<\/th>\n<th align=\"center\">M<\/th>\n<th align=\"center\">L<\/th>\n<th align=\"center\">XL<\/th>\n<\/tr>\n<\/thead>\n<tbody>\n<tr>\n<td align=\"center\">14:00 &#8211; 19:00<\/td>\n<td align=\"center\">33\u20ac<\/td>\n<td align=\"center\">42\u20ac<\/td>\n<td align=\"center\">53\u20ac<\/td>\n<td align=\"center\">65\u20ac<\/td>\n<\/tr>\n<tr>\n<td align=\"center\">19:00 &#8211; 04:00<\/td>\n<td align=\"center\">43\u20ac<\/td>\n<td align=\"center\">52\u20ac<\/td>\n<td align=\"center\">63\u20ac<\/td>\n<td align=\"center\">75\u20ac<\/td>\n<\/tr>\n<\/tbody>\n<\/table>\n<\/div>\n<\/div><\/div><\/div><\/div><\/div><div class=\"fusion-text fusion-text-1\" style=\"--awb-content-alignment:left;--awb-font-size:12px;\"><p>Am Silvester und an einigen Feiertagen gelten gesonderte Tarife.<br \/>\nAlle Preise verstehen sich in Euro inkl. der gesetzlichen MwSt.<\/p>\n<p>Die Mindestdauer der Anmietung betr\u00e4gt 60 Minuten und kann nach Verf\u00fcgbarkeit in 30 Minuten Takt verl\u00e4ngert werden.<br \/>\nAn Freitagen, Samstagen, Sonntagen und Vor- und Feiertagen haben wir eine Mindestbuchungszeit von 120 Minuten.<\/p>\n<p>* Der Raumpreis ist die st\u00fcndliche Miete f\u00fcr den einzelnen Partyraum und ist unabh\u00e4ngig von der Personenzahl. Dieser beinhaltet die Anmietung der R\u00e4umlichkeit einschlie\u00dflich der regelrechten Nutzung von technischen Anlagen, Mobiliar sowie Service.<\/p>\n<p>Aufgrund der limitierten Verf\u00fcgbarkeit an R\u00e4umlichkeit k\u00f6nnen wir ohne Weiteres einen gew\u00fcnschten Raum nicht blockieren, deshalb bitten wir bei Reservierungen mit einer der folgenden Kriterien um eine <a href=\"https:\/\/melodypartybox.de\/myzeil\/faq-items\/wann-muss-man-eine-anzahlung-leisten\/\">Anzahlung<\/a>\u00b9 mit <a href=\"https:\/\/melodypartybox.de\/myzeil\/faq-items\/was-ist-ein-mindestverzehr-und-wie-hoch-ist-er\/\">Mindestverzehr<\/a>\u00b2<\/p>\n<p>&#8211; an Freitagen, Samstagen, Sonntagen und Vor- und feiertagen<br \/>\n&#8211; Gruppe \u00fcber 8 Personen<br \/>\n&#8211; Reservierung mit einer Dauer ab 3 Stunden<\/p>\n<p>\u00b9 Die Anzahlung ist eine Vorauszahlung von einer Stunde der Raummiete, die man nach einer erfolgreichen Raumanfrage leisten muss und sp\u00e4ter bei seiner Reservierung automatisch vollst\u00e4ndig verrechnet. Die Vorauszahlung kann via Bank\u00fcberweisung, Paypal oder vor Ort mit Bargeld oder Karte bezahlt werden. Bei Abwesenheit oder spontaner \u00c4nderung der Reservierung behalten wir das Recht vor, die Vorauszahlung einzubehalten. Eine kostenlose Stornierung \/ \u00c4nderung erfolgt, wenn der Gast seinen Wunsch fristgerecht ( mindestens 3 Tage bei S oder M Raum, oder mindestens 7 Tage bei L und XL Raum) im Voraus mitteilt und von uns schriftlich best\u00e4tigt wird.<\/p>\n<p>\u00b2 Der Mindestverzehr ist ein Betrag, den man f\u00fcr Getr\u00e4nke und Speisen minimum ausgeben muss. Ist der Betrag nach der Feier nicht erreicht, wird der fehlende Betrag angerechnet. Derzeit liegt der Mindestverzehr bei zus\u00e4tzlich 50% der gesamten Raummiete. Beispiel in <a href=\"https:\/\/melodypartybox.de\/myzeil\/faq-items\/was-ist-ein-mindestverzehr-und-wie-hoch-ist-er\/\">F.A.Q<\/a>.<\/p>\n<\/div><\/div><\/div><\/div><\/div><\/p>\n","protected":false},"excerpt":{"rendered":"","protected":false},"author":2,"featured_media":0,"parent":0,"menu_order":0,"comment_status":"closed","ping_status":"closed","template":"","meta":{"footnotes":""},"class_list":["post-5475","page","type-page","status-publish","hentry"],"_links":{"self":[{"href":"https:\/\/melodypartybox.de\/wiesbaden\/wp-json\/wp\/v2\/pages\/5475","targetHints":{"allow":["GET"]}}],"collection":[{"href":"https:\/\/melodypartybox.de\/wiesbaden\/wp-json\/wp\/v2\/pages"}],"about":[{"href":"https:\/\/melodypartybox.de\/wiesbaden\/wp-json\/wp\/v2\/types\/page"}],"author":[{"embeddable":true,"href":"https:\/\/melodypartybox.de\/wiesbaden\/wp-json\/wp\/v2\/users\/2"}],"replies":[{"embeddable":true,"href":"https:\/\/melodypartybox.de\/wiesbaden\/wp-json\/wp\/v2\/comments?post=5475"}],"version-history":[{"count":19,"href":"https:\/\/melodypartybox.de\/wiesbaden\/wp-json\/wp\/v2\/pages\/5475\/revisions"}],"predecessor-version":[{"id":5976,"href":"https:\/\/melodypartybox.de\/wiesbaden\/wp-json\/wp\/v2\/pages\/5475\/revisions\/5976"}],"wp:attachment":[{"href":"https:\/\/melodypartybox.de\/wiesbaden\/wp-json\/wp\/v2\/media?parent=5475"}],"curies":[{"name":"wp","href":"https:\/\/api.w.org\/{rel}","templated":true}]}}