{"id":2946,"date":"2019-11-22T16:20:13","date_gmt":"2019-11-22T16:20:13","guid":{"rendered":"https:\/\/melodypartybox.de\/myzeil\/?page_id=8"},"modified":"2023-08-03T23:02:12","modified_gmt":"2023-08-03T21:02:12","slug":"news","status":"publish","type":"page","link":"https:\/\/melodypartybox.de\/myzeil\/news\/","title":{"rendered":"Aktuelle Informationen"},"content":{"rendered":"<div class=\"fusion-fullwidth fullwidth-box fusion-builder-row-1 fusion-flex-container nonhundred-percent-fullwidth non-hundred-percent-height-scrolling\" style=\"--awb-border-radius-top-left:0px;--awb-border-radius-top-right:0px;--awb-border-radius-bottom-right:0px;--awb-border-radius-bottom-left:0px;--awb-padding-bottom:6%;--awb-flex-wrap:wrap;\" ><div class=\"fusion-builder-row fusion-row fusion-flex-align-items-flex-start fusion-flex-content-wrap\" style=\"max-width:calc( 1325px + 0px );margin-left: calc(-0px \/ 2 );margin-right: calc(-0px \/ 2 );\"><div class=\"fusion-layout-column fusion_builder_column fusion-builder-column-0 fusion_builder_column_1_1 1_1 fusion-flex-column fusion-animated\" style=\"--awb-bg-size:cover;--awb-width-large:100%;--awb-margin-top-large:0px;--awb-spacing-right-large:0px;--awb-margin-bottom-large:0px;--awb-spacing-left-large:0px;--awb-width-medium:100%;--awb-spacing-right-medium:0px;--awb-spacing-left-medium:0px;--awb-width-small:100%;--awb-spacing-right-small:0px;--awb-spacing-left-small:0px;\" data-animationType=\"fadeInUp\" data-animationDuration=\"1.0\" data-animationOffset=\"top-into-view\"><div class=\"fusion-column-wrapper fusion-column-has-shadow fusion-flex-justify-content-flex-start fusion-content-layout-column\"><div class=\"fusion-blog-shortcode fusion-blog-shortcode-1 fusion-blog-archive fusion-blog-layout-grid-wrapper fusion-blog-no\"><style type=\"text\/css\">.fusion-blog-shortcode-1 .fusion-blog-layout-grid .fusion-post-grid{padding:30px;}.fusion-blog-shortcode-1 .fusion-posts-container{margin-left: -30px !important; margin-right:-30px !important;}<\/style><div class=\"fusion-posts-container fusion-posts-container-no fusion-no-meta-info fusion-blog-rollover fusion-blog-layout-grid fusion-blog-layout-grid-2 isotope fusion-blog-equal-heights\" data-pages=\"1\" data-grid-col-space=\"60\" style=\"margin: -30px -30px 0;min-height:500px;\"><article id=\"blog-1-post-5902\" class=\"fusion-post-grid post-5902 post type-post status-publish format-standard has-post-thumbnail hentry category-news\">\n<div class=\"fusion-post-wrapper\" style=\"background-color:rgba(114,114,114,0);border:none;\">\n\n\t\t\t<div class=\"fusion-flexslider flexslider fusion-flexslider-loading fusion-post-slideshow\" style=\"border-color:rgba(255,255,255,0);\">\n\t\t<ul class=\"slides\">\n\t\t\t\n\t\t\t\t\t\t\t\t\t\t\t\t\t\t<li><div  class=\"fusion-image-wrapper\" aria-haspopup=\"true\">\n\t\t\t\t<img decoding=\"async\" width=\"1054\" height=\"1492\" src=\"https:\/\/melodypartybox.de\/myzeil\/wp-content\/uploads\/sites\/2\/2026\/05\/IMG-20260502-WA0000.jpg\" class=\"attachment-full size-full lazyload wp-post-image\" alt=\"\" srcset=\"data:image\/svg+xml,%3Csvg%20xmlns%3D%27http%3A%2F%2Fwww.w3.org%2F2000%2Fsvg%27%20width%3D%271054%27%20height%3D%271492%27%20viewBox%3D%270%200%201054%201492%27%3E%3Crect%20width%3D%271054%27%20height%3D%271492%27%20fill-opacity%3D%220%22%2F%3E%3C%2Fsvg%3E\" data-orig-src=\"https:\/\/melodypartybox.de\/myzeil\/wp-content\/uploads\/sites\/2\/2026\/05\/IMG-20260502-WA0000.jpg\" data-srcset=\"https:\/\/melodypartybox.de\/myzeil\/wp-content\/uploads\/sites\/2\/2026\/05\/IMG-20260502-WA0000-200x283.jpg 200w, https:\/\/melodypartybox.de\/myzeil\/wp-content\/uploads\/sites\/2\/2026\/05\/IMG-20260502-WA0000-400x566.jpg 400w, https:\/\/melodypartybox.de\/myzeil\/wp-content\/uploads\/sites\/2\/2026\/05\/IMG-20260502-WA0000-600x849.jpg 600w, https:\/\/melodypartybox.de\/myzeil\/wp-content\/uploads\/sites\/2\/2026\/05\/IMG-20260502-WA0000-800x1132.jpg 800w, https:\/\/melodypartybox.de\/myzeil\/wp-content\/uploads\/sites\/2\/2026\/05\/IMG-20260502-WA0000.jpg 1054w\" data-sizes=\"auto\" \/><div class=\"fusion-rollover\">\n\t<div class=\"fusion-rollover-content\">\n\n\t\t\t\t\n\t\t\n\t\t\t\t\t\t\t\t\n\t\t\t\t\t\t\t\t\n\t\t\n\t\t\t\t\t\t<a class=\"fusion-link-wrapper\" href=\"https:\/\/melodypartybox.de\/myzeil\/5902-2\/\" aria-label=\"Open Karaoke Nights\"><\/a>\n\t<\/div>\n<\/div>\n<\/div>\n<\/li>\n\t\t\t\n\t\t\t\n\t\t\t\t\t\t\t\t\t\t\t\t\t\t\t\t\t\t\t\t\t\t\t\t\t\t\t\t\t\t\t\t\t\t\t\t\t\t\t\t\t\t\t\t\t\t\t\t\t\t\t\t\t\t\t\t\t\t\t\t\t\t\t\t\t\t\t\t<\/ul>\n\t<\/div>\n\t<div class=\"fusion-post-content-wrapper\" style=\"padding:40px 45px 0 25px;\"><div class=\"fusion-post-content post-content\"><h2 class=\"blog-shortcode-post-title entry-title\"><a href=\"https:\/\/melodypartybox.de\/myzeil\/5902-2\/\">Open Karaoke Nights<\/a><\/h2><div class=\"fusion-post-content-container\"><p>  SING DICH IN DEN OLYMP! \ud83c\udfa4\u2728 Lust auf [...]<\/p><\/div><\/div><\/div><div class=\"fusion-clearfix\"><\/div><\/div>\n<\/article>\n<article id=\"blog-1-post-5684\" class=\"fusion-post-grid fusion-sticky post-5684 post type-post status-publish format-standard has-post-thumbnail hentry category-news\">\n<div class=\"fusion-post-wrapper\" style=\"background-color:rgba(114,114,114,0);border:none;\">\n\n\t\t\t<div class=\"fusion-flexslider flexslider fusion-flexslider-loading fusion-post-slideshow\" style=\"border-color:rgba(255,255,255,0);\">\n\t\t<ul class=\"slides\">\n\t\t\t\n\t\t\t\t\t\t\t\t\t\t\t\t\t\t<li><div  class=\"fusion-image-wrapper\" aria-haspopup=\"true\">\n\t\t\t\t<img decoding=\"async\" width=\"2500\" height=\"1875\" src=\"https:\/\/melodypartybox.de\/myzeil\/wp-content\/uploads\/sites\/2\/2025\/04\/melody_webseite_mai_25_1-1.avif\" class=\"attachment-full size-full lazyload wp-post-image\" alt=\"\" srcset=\"data:image\/svg+xml,%3Csvg%20xmlns%3D%27http%3A%2F%2Fwww.w3.org%2F2000%2Fsvg%27%20width%3D%272500%27%20height%3D%271875%27%20viewBox%3D%270%200%202500%201875%27%3E%3Crect%20width%3D%272500%27%20height%3D%271875%27%20fill-opacity%3D%220%22%2F%3E%3C%2Fsvg%3E\" data-orig-src=\"https:\/\/melodypartybox.de\/myzeil\/wp-content\/uploads\/sites\/2\/2025\/04\/melody_webseite_mai_25_1-1.avif\" data-srcset=\"https:\/\/melodypartybox.de\/myzeil\/wp-content\/uploads\/sites\/2\/2025\/04\/melody_webseite_mai_25_1-1-200x150.avif 200w, https:\/\/melodypartybox.de\/myzeil\/wp-content\/uploads\/sites\/2\/2025\/04\/melody_webseite_mai_25_1-1-400x300.avif 400w, https:\/\/melodypartybox.de\/myzeil\/wp-content\/uploads\/sites\/2\/2025\/04\/melody_webseite_mai_25_1-1-600x450.avif 600w, https:\/\/melodypartybox.de\/myzeil\/wp-content\/uploads\/sites\/2\/2025\/04\/melody_webseite_mai_25_1-1-800x600.avif 800w, https:\/\/melodypartybox.de\/myzeil\/wp-content\/uploads\/sites\/2\/2025\/04\/melody_webseite_mai_25_1-1-1200x900.avif 1200w, https:\/\/melodypartybox.de\/myzeil\/wp-content\/uploads\/sites\/2\/2025\/04\/melody_webseite_mai_25_1-1.avif 2500w\" data-sizes=\"auto\" \/><div class=\"fusion-rollover\">\n\t<div class=\"fusion-rollover-content\">\n\n\t\t\t\t\n\t\t\n\t\t\t\t\t\t\t\t\n\t\t\t\t\t\t\t\t\n\t\t\n\t\t\t\t\t\t<a class=\"fusion-link-wrapper\" href=\"https:\/\/melodypartybox.de\/myzeil\/book-2-get-1-free-montag-special-bei-melody-party-box-myzeil-nur-im-mai\/\" aria-label=\"Book 2, Get 1 Free &#8211; Montag-Special bei Melody Party Box MyZeil \u2013 nur im Mai!\"><\/a>\n\t<\/div>\n<\/div>\n<\/div>\n<\/li>\n\t\t\t\n\t\t\t\n\t\t\t\t\t\t\t\t\t\t\t\t\t\t\t\t\t\t\t\t\t\t\t\t\t\t\t\t\t\t\t\t\t\t\t\t\t\t\t\t\t\t\t\t\t\t\t\t\t\t\t\t\t\t\t\t\t\t\t\t\t\t\t\t\t\t\t\t<\/ul>\n\t<\/div>\n\t<div class=\"fusion-post-content-wrapper\" style=\"padding:40px 45px 0 25px;\"><div class=\"fusion-post-content post-content\"><h2 class=\"blog-shortcode-post-title entry-title\"><a href=\"https:\/\/melodypartybox.de\/myzeil\/book-2-get-1-free-montag-special-bei-melody-party-box-myzeil-nur-im-mai\/\">Book 2, Get 1 Free &#8211; Montag-Special bei Melody Party Box MyZeil \u2013 nur im Mai!<\/a><\/h2><div class=\"fusion-post-content-container\"><p>  Let\u2019s make Mondays unforgettable! Montag-Special bei Melody Party [...]<\/p><\/div><\/div><\/div><div class=\"fusion-clearfix\"><\/div><\/div>\n<\/article>\n<article id=\"blog-1-post-5606\" class=\"fusion-post-grid post-5606 post type-post status-publish format-standard has-post-thumbnail hentry category-news\">\n<div class=\"fusion-post-wrapper\" style=\"background-color:rgba(114,114,114,0);border:none;\">\n\n\t\t\t<div class=\"fusion-flexslider flexslider fusion-flexslider-loading fusion-post-slideshow\" style=\"border-color:rgba(255,255,255,0);\">\n\t\t<ul class=\"slides\">\n\t\t\t\n\t\t\t\t\t\t\t\t\t\t\t\t\t\t<li><div  class=\"fusion-image-wrapper\" aria-haspopup=\"true\">\n\t\t\t\t<img decoding=\"async\" width=\"1152\" height=\"768\" src=\"https:\/\/melodypartybox.de\/myzeil\/wp-content\/uploads\/sites\/2\/2024\/04\/comingsoon_Wiesbaden_lowres.jpg\" class=\"attachment-full size-full lazyload wp-post-image\" alt=\"\" srcset=\"data:image\/svg+xml,%3Csvg%20xmlns%3D%27http%3A%2F%2Fwww.w3.org%2F2000%2Fsvg%27%20width%3D%271152%27%20height%3D%27768%27%20viewBox%3D%270%200%201152%20768%27%3E%3Crect%20width%3D%271152%27%20height%3D%27768%27%20fill-opacity%3D%220%22%2F%3E%3C%2Fsvg%3E\" data-orig-src=\"https:\/\/melodypartybox.de\/myzeil\/wp-content\/uploads\/sites\/2\/2024\/04\/comingsoon_Wiesbaden_lowres.jpg\" data-srcset=\"https:\/\/melodypartybox.de\/myzeil\/wp-content\/uploads\/sites\/2\/2024\/04\/comingsoon_Wiesbaden_lowres-200x133.jpg 200w, https:\/\/melodypartybox.de\/myzeil\/wp-content\/uploads\/sites\/2\/2024\/04\/comingsoon_Wiesbaden_lowres-400x267.jpg 400w, https:\/\/melodypartybox.de\/myzeil\/wp-content\/uploads\/sites\/2\/2024\/04\/comingsoon_Wiesbaden_lowres-600x400.jpg 600w, https:\/\/melodypartybox.de\/myzeil\/wp-content\/uploads\/sites\/2\/2024\/04\/comingsoon_Wiesbaden_lowres-800x533.jpg 800w, https:\/\/melodypartybox.de\/myzeil\/wp-content\/uploads\/sites\/2\/2024\/04\/comingsoon_Wiesbaden_lowres.jpg 1152w\" data-sizes=\"auto\" \/><div class=\"fusion-rollover\">\n\t<div class=\"fusion-rollover-content\">\n\n\t\t\t\t\n\t\t\n\t\t\t\t\t\t\t\t\n\t\t\t\t\t\t\t\t\n\t\t\n\t\t\t\t\t\t<a class=\"fusion-link-wrapper\" href=\"https:\/\/melodypartybox.de\/myzeil\/coming-soon-melody-wiesbaden\/\" aria-label=\"Coming Soon &#8211; Melody Wiesbaden\"><\/a>\n\t<\/div>\n<\/div>\n<\/div>\n<\/li>\n\t\t\t\n\t\t\t\n\t\t\t\t\t\t\t\t\t\t\t\t\t\t\t\t\t\t\t\t\t\t\t\t\t\t\t\t\t\t\t\t\t\t\t\t\t\t\t\t\t\t\t\t\t\t\t\t\t\t\t\t\t\t\t\t\t\t\t\t\t\t\t\t\t\t\t\t<\/ul>\n\t<\/div>\n\t<div class=\"fusion-post-content-wrapper\" style=\"padding:40px 45px 0 25px;\"><div class=\"fusion-post-content post-content\"><h2 class=\"blog-shortcode-post-title entry-title\"><a href=\"https:\/\/melodypartybox.de\/myzeil\/coming-soon-melody-wiesbaden\/\">Coming Soon &#8211; Melody Wiesbaden<\/a><\/h2><div class=\"fusion-post-content-container\"><p>  Das Geheimnis ist gel\u00fcftet: Wir er\u00f6ffnen in Wiesbaden! [...]<\/p><\/div><\/div><\/div><div class=\"fusion-clearfix\"><\/div><\/div>\n<\/article>\n<article id=\"blog-1-post-5486\" class=\"fusion-post-grid post-5486 post type-post status-publish format-image has-post-thumbnail hentry category-news post_format-post-format-image\">\n<div class=\"fusion-post-wrapper\" style=\"background-color:rgba(114,114,114,0);border:none;\">\n\n\t\t\t<div class=\"fusion-flexslider flexslider fusion-flexslider-loading fusion-post-slideshow\" style=\"border-color:rgba(255,255,255,0);\">\n\t\t<ul class=\"slides\">\n\t\t\t\n\t\t\t\t\t\t\t\t\t\t\t\t\t\t<li><div  class=\"fusion-image-wrapper\" aria-haspopup=\"true\">\n\t\t\t\t<img decoding=\"async\" width=\"512\" height=\"512\" src=\"https:\/\/melodypartybox.de\/myzeil\/wp-content\/uploads\/sites\/2\/2024\/01\/preisanpassung2024_50.jpg\" class=\"attachment-full size-full lazyload wp-post-image\" alt=\"\" srcset=\"data:image\/svg+xml,%3Csvg%20xmlns%3D%27http%3A%2F%2Fwww.w3.org%2F2000%2Fsvg%27%20width%3D%27512%27%20height%3D%27512%27%20viewBox%3D%270%200%20512%20512%27%3E%3Crect%20width%3D%27512%27%20height%3D%27512%27%20fill-opacity%3D%220%22%2F%3E%3C%2Fsvg%3E\" data-orig-src=\"https:\/\/melodypartybox.de\/myzeil\/wp-content\/uploads\/sites\/2\/2024\/01\/preisanpassung2024_50.jpg\" data-srcset=\"https:\/\/melodypartybox.de\/myzeil\/wp-content\/uploads\/sites\/2\/2024\/01\/preisanpassung2024_50-200x200.jpg 200w, https:\/\/melodypartybox.de\/myzeil\/wp-content\/uploads\/sites\/2\/2024\/01\/preisanpassung2024_50-400x400.jpg 400w, https:\/\/melodypartybox.de\/myzeil\/wp-content\/uploads\/sites\/2\/2024\/01\/preisanpassung2024_50.jpg 512w\" data-sizes=\"auto\" \/><div class=\"fusion-rollover\">\n\t<div class=\"fusion-rollover-content\">\n\n\t\t\t\t\n\t\t\n\t\t\t\t\t\t\t\t\n\t\t\t\t\t\t\t\t\n\t\t\n\t\t\t\t\t\t<a class=\"fusion-link-wrapper\" href=\"https:\/\/melodypartybox.de\/myzeil\/preisanpassung2024\/\" aria-label=\"Preisanpassung 2024\"><\/a>\n\t<\/div>\n<\/div>\n<\/div>\n<\/li>\n\t\t\t\n\t\t\t\n\t\t\t\t\t\t\t\t\t\t\t\t\t\t\t\t\t\t\t\t\t\t\t\t\t\t\t\t\t\t\t\t\t\t\t\t\t\t\t\t\t\t\t\t\t\t\t\t\t\t\t\t\t\t\t\t\t\t\t\t\t\t\t\t\t\t\t\t<\/ul>\n\t<\/div>\n\t<div class=\"fusion-post-content-wrapper\" style=\"padding:40px 45px 0 25px;\"><div class=\"fusion-post-content post-content\"><h2 class=\"blog-shortcode-post-title entry-title\"><a href=\"https:\/\/melodypartybox.de\/myzeil\/preisanpassung2024\/\">Preisanpassung 2024<\/a><\/h2><div class=\"fusion-post-content-container\"><p>  Liebe G\u00e4ste, wir m\u00f6chten Sie dar\u00fcber informieren, dass [...]<\/p><\/div><\/div><\/div><div class=\"fusion-clearfix\"><\/div><\/div>\n<\/article>\n<article id=\"blog-1-post-5400\" class=\"fusion-post-grid post-5400 post type-post status-publish format-standard has-post-thumbnail hentry category-news\">\n<div class=\"fusion-post-wrapper\" style=\"background-color:rgba(114,114,114,0);border:none;\">\n\n\t\t\t<div class=\"fusion-flexslider flexslider fusion-flexslider-loading fusion-post-slideshow\" style=\"border-color:rgba(255,255,255,0);\">\n\t\t<ul class=\"slides\">\n\t\t\t\n\t\t\t\t\t\t\t\t\t\t\t\t\t\t<li><div  class=\"fusion-image-wrapper\" aria-haspopup=\"true\">\n\t\t\t\t<img decoding=\"async\" width=\"1440\" height=\"960\" src=\"https:\/\/melodypartybox.de\/myzeil\/wp-content\/uploads\/sites\/2\/2023\/08\/F49A2807_resized.jpg\" class=\"attachment-full size-full lazyload wp-post-image\" alt=\"\" srcset=\"data:image\/svg+xml,%3Csvg%20xmlns%3D%27http%3A%2F%2Fwww.w3.org%2F2000%2Fsvg%27%20width%3D%271440%27%20height%3D%27960%27%20viewBox%3D%270%200%201440%20960%27%3E%3Crect%20width%3D%271440%27%20height%3D%27960%27%20fill-opacity%3D%220%22%2F%3E%3C%2Fsvg%3E\" data-orig-src=\"https:\/\/melodypartybox.de\/myzeil\/wp-content\/uploads\/sites\/2\/2023\/08\/F49A2807_resized.jpg\" data-srcset=\"https:\/\/melodypartybox.de\/myzeil\/wp-content\/uploads\/sites\/2\/2023\/08\/F49A2807_resized-200x133.jpg 200w, https:\/\/melodypartybox.de\/myzeil\/wp-content\/uploads\/sites\/2\/2023\/08\/F49A2807_resized-400x267.jpg 400w, https:\/\/melodypartybox.de\/myzeil\/wp-content\/uploads\/sites\/2\/2023\/08\/F49A2807_resized-600x400.jpg 600w, https:\/\/melodypartybox.de\/myzeil\/wp-content\/uploads\/sites\/2\/2023\/08\/F49A2807_resized-800x533.jpg 800w, https:\/\/melodypartybox.de\/myzeil\/wp-content\/uploads\/sites\/2\/2023\/08\/F49A2807_resized-1200x800.jpg 1200w, https:\/\/melodypartybox.de\/myzeil\/wp-content\/uploads\/sites\/2\/2023\/08\/F49A2807_resized.jpg 1440w\" data-sizes=\"auto\" \/><div class=\"fusion-rollover\">\n\t<div class=\"fusion-rollover-content\">\n\n\t\t\t\t\n\t\t\n\t\t\t\t\t\t\t\t\n\t\t\t\t\t\t\t\t\n\t\t\n\t\t\t\t\t\t<a class=\"fusion-link-wrapper\" href=\"https:\/\/melodypartybox.de\/myzeil\/5400-2\/\" aria-label=\"Sch\u00fcler- &#038; Studentenrabatt\"><\/a>\n\t<\/div>\n<\/div>\n<\/div>\n<\/li>\n\t\t\t\n\t\t\t\n\t\t\t\t\t\t\t\t\t\t\t\t\t\t\t\t\t\t\t\t\t\t\t\t\t\t\t\t\t\t\t\t\t\t\t\t\t\t\t\t\t\t\t\t\t\t\t\t\t\t\t\t\t\t\t\t\t\t\t\t\t\t\t\t\t\t\t\t<\/ul>\n\t<\/div>\n\t<div class=\"fusion-post-content-wrapper\" style=\"padding:40px 45px 0 25px;\"><div class=\"fusion-post-content post-content\"><h2 class=\"blog-shortcode-post-title entry-title\"><a href=\"https:\/\/melodypartybox.de\/myzeil\/5400-2\/\">Sch\u00fcler- &#038; Studentenrabatt<\/a><\/h2><div class=\"fusion-post-content-container\"><p> Die coolste Zeit in Deinen Ferien. 10 % Rabatt [...]<\/p><\/div><\/div><\/div><div class=\"fusion-clearfix\"><\/div><\/div>\n<\/article>\n<div class=\"fusion-clearfix\"><\/div><\/div><\/div><\/div><\/div><\/div><\/div>\n","protected":false},"excerpt":{"rendered":"","protected":false},"author":4,"featured_media":4971,"parent":0,"menu_order":0,"comment_status":"closed","ping_status":"closed","template":"100-width.php","meta":{"footnotes":""},"class_list":["post-2946","page","type-page","status-publish","has-post-thumbnail","hentry"],"_links":{"self":[{"href":"https:\/\/melodypartybox.de\/myzeil\/wp-json\/wp\/v2\/pages\/2946","targetHints":{"allow":["GET"]}}],"collection":[{"href":"https:\/\/melodypartybox.de\/myzeil\/wp-json\/wp\/v2\/pages"}],"about":[{"href":"https:\/\/melodypartybox.de\/myzeil\/wp-json\/wp\/v2\/types\/page"}],"author":[{"embeddable":true,"href":"https:\/\/melodypartybox.de\/myzeil\/wp-json\/wp\/v2\/users\/4"}],"replies":[{"embeddable":true,"href":"https:\/\/melodypartybox.de\/myzeil\/wp-json\/wp\/v2\/comments?post=2946"}],"version-history":[{"count":6,"href":"https:\/\/melodypartybox.de\/myzeil\/wp-json\/wp\/v2\/pages\/2946\/revisions"}],"predecessor-version":[{"id":5398,"href":"https:\/\/melodypartybox.de\/myzeil\/wp-json\/wp\/v2\/pages\/2946\/revisions\/5398"}],"wp:featuredmedia":[{"embeddable":true,"href":"https:\/\/melodypartybox.de\/myzeil\/wp-json\/wp\/v2\/media\/4971"}],"wp:attachment":[{"href":"https:\/\/melodypartybox.de\/myzeil\/wp-json\/wp\/v2\/media?parent=2946"}],"curies":[{"name":"wp","href":"https:\/\/api.w.org\/{rel}","templated":true}]}}